{"id":1000,"date":"2021-11-22T16:40:48","date_gmt":"2021-11-22T08:40:48","guid":{"rendered":"https:\/\/www.sunhelmmarine.com\/?page_id=1000"},"modified":"2022-06-17T17:26:29","modified_gmt":"2022-06-17T09:26:29","slug":"foam-fender-for-sale","status":"publish","type":"page","link":"https:\/\/www.sunhelmmarine.com\/es\/foam-fender-for-sale\/","title":{"rendered":"Se vende guardabarros de espuma"},"content":{"rendered":"","protected":false},"excerpt":{"rendered":"","protected":false},"author":1,"featured_media":0,"parent":0,"menu_order":0,"comment_status":"closed","ping_status":"closed","template":"","meta":{"footnotes":""},"class_list":["post-1000","page","type-page","status-publish","hentry"],"yoast_head":"<!-- This site is optimized with the Yoast SEO Premium plugin v25.7.1 (Yoast SEO v26.8) - https:\/\/yoast.com\/product\/yoast-seo-premium-wordpress\/ -->\n<title>Foam Filled Fender For Sale- Sunhelm Marine Fenders Manufacturer<\/title>\n<meta name=\"description\" content=\"EVA foam fender is environment friendly and has high elastic properties allowing for energy absorption upon contact.The outside of foam fender is coated with polyurea which has anti seeping and anti-aging properties,improves the fenders life expectancy and economic value. Foam filled fender is soft,flexible and is highly resistant to cracking even under cold temperature.\" \/>\n<meta name=\"robots\" content=\"index, follow, max-snippet:-1, max-image-preview:large, max-video-preview:-1\" \/>\n<link rel=\"canonical\" href=\"https:\/\/www.sunhelmmarine.com\/es\/foam-fender-for-sale\/\" \/>\n<meta property=\"og:locale\" content=\"es_ES\" \/>\n<meta property=\"og:type\" content=\"article\" \/>\n<meta property=\"og:title\" content=\"Foam Fender for Sale\" \/>\n<meta property=\"og:description\" content=\"EVA foam fender is environment friendly and has high elastic properties allowing for energy absorption upon contact.The outside of foam fender is coated with polyurea which has anti seeping and anti-aging properties,improves the fenders life expectancy and economic value. Foam filled fender is soft,flexible and is highly resistant to cracking even under cold temperature.\" \/>\n<meta property=\"og:url\" content=\"https:\/\/www.sunhelmmarine.com\/es\/foam-fender-for-sale\/\" \/>\n<meta property=\"og:site_name\" content=\"SunHelm Marine\" \/>\n<meta property=\"article:publisher\" content=\"https:\/\/www.facebook.com\/marine.sunhelm.9\" \/>\n<meta property=\"article:modified_time\" content=\"2022-06-17T09:26:29+00:00\" \/>\n<meta name=\"twitter:card\" content=\"summary_large_image\" \/>\n<script type=\"application\/ld+json\" class=\"yoast-schema-graph\">{\"@context\":\"https:\/\/schema.org\",\"@graph\":[{\"@type\":\"WebPage\",\"@id\":\"https:\/\/www.sunhelmmarine.com\/ko\/foam-fender-for-sale\/\",\"url\":\"https:\/\/www.sunhelmmarine.com\/ko\/foam-fender-for-sale\/\",\"name\":\"Foam Filled Fender For Sale- Sunhelm Marine Fenders Manufacturer\",\"isPartOf\":{\"@id\":\"https:\/\/www.sunhelmmarine.com\/#website\"},\"datePublished\":\"2021-11-22T08:40:48+00:00\",\"dateModified\":\"2022-06-17T09:26:29+00:00\",\"description\":\"EVA foam fender is environment friendly and has high elastic properties allowing for energy absorption upon contact.The outside of foam fender is coated with polyurea which has anti seeping and anti-aging properties,improves the fenders life expectancy and economic value. Foam filled fender is soft,flexible and is highly resistant to cracking even under cold temperature.\",\"breadcrumb\":{\"@id\":\"https:\/\/www.sunhelmmarine.com\/ko\/foam-fender-for-sale\/#breadcrumb\"},\"inLanguage\":\"es\",\"potentialAction\":[{\"@type\":\"ReadAction\",\"target\":[\"https:\/\/www.sunhelmmarine.com\/ko\/foam-fender-for-sale\/\"]}]},{\"@type\":\"BreadcrumbList\",\"@id\":\"https:\/\/www.sunhelmmarine.com\/ko\/foam-fender-for-sale\/#breadcrumb\",\"itemListElement\":[{\"@type\":\"ListItem\",\"position\":1,\"name\":\"home\",\"item\":\"https:\/\/www.sunhelmmarine.com\/\"},{\"@type\":\"ListItem\",\"position\":2,\"name\":\"Foam Fender for Sale\"}]},{\"@type\":\"WebSite\",\"@id\":\"https:\/\/www.sunhelmmarine.com\/#website\",\"url\":\"https:\/\/www.sunhelmmarine.com\/\",\"name\":\"SunHelm Marine\",\"description\":\"\",\"publisher\":{\"@id\":\"https:\/\/www.sunhelmmarine.com\/#organization\"},\"potentialAction\":[{\"@type\":\"SearchAction\",\"target\":{\"@type\":\"EntryPoint\",\"urlTemplate\":\"https:\/\/www.sunhelmmarine.com\/?s={search_term_string}\"},\"query-input\":{\"@type\":\"PropertyValueSpecification\",\"valueRequired\":true,\"valueName\":\"search_term_string\"}}],\"inLanguage\":\"es\"},{\"@type\":\"Organization\",\"@id\":\"https:\/\/www.sunhelmmarine.com\/#organization\",\"name\":\"Sunhelm marine\",\"url\":\"https:\/\/www.sunhelmmarine.com\/\",\"logo\":{\"@type\":\"ImageObject\",\"inLanguage\":\"es\",\"@id\":\"https:\/\/www.sunhelmmarine.com\/#\/schema\/logo\/image\/\",\"url\":\"https:\/\/www.sunhelmmarine.com\/wp-content\/uploads\/2021\/07\/fb2272fefd1bb992911871cf2267889.png\",\"contentUrl\":\"https:\/\/www.sunhelmmarine.com\/wp-content\/uploads\/2021\/07\/fb2272fefd1bb992911871cf2267889.png\",\"width\":600,\"height\":238,\"caption\":\"Sunhelm marine\"},\"image\":{\"@id\":\"https:\/\/www.sunhelmmarine.com\/#\/schema\/logo\/image\/\"},\"sameAs\":[\"https:\/\/www.facebook.com\/marine.sunhelm.9\",\"https:\/\/www.linkedin.com\/company\/sunhelm-marine\",\"https:\/\/www.youtube.com\/channel\/UC3cCmTo8sHsHOsgJJddE6Aw\"]}]}<\/script>\n<!-- \/ Yoast SEO Premium plugin. -->","yoast_head_json":{"title":"Defensas relleno de espuma a la venta: fabricante de defensas Sunhelm Marine","description":"El defensas de espuma EVA es respetuoso con el medio ambiente y tiene altas propiedades el\u00e1sticas que permiten la absorci\u00f3n de energ\u00eda al contacto. El exterior del guardabarros de espuma est\u00e1 recubierto con poliurea que tiene propiedades anti-filtraci\u00f3n y anti-envejecimiento, mejora la esperanza de vida de los guardabarros y su valor econ\u00f3mico. El guardabarros relleno de espuma es suave, flexible y muy resistente al agrietamiento incluso a bajas temperaturas.","robots":{"index":"index","follow":"follow","max-snippet":"max-snippet:-1","max-image-preview":"max-image-preview:large","max-video-preview":"max-video-preview:-1"},"canonical":"https:\/\/www.sunhelmmarine.com\/es\/foam-fender-for-sale\/","og_locale":"es_ES","og_type":"article","og_title":"Foam Fender for Sale","og_description":"EVA foam fender is environment friendly and has high elastic properties allowing for energy absorption upon contact.The outside of foam fender is coated with polyurea which has anti seeping and anti-aging properties,improves the fenders life expectancy and economic value. Foam filled fender is soft,flexible and is highly resistant to cracking even under cold temperature.","og_url":"https:\/\/www.sunhelmmarine.com\/es\/foam-fender-for-sale\/","og_site_name":"SunHelm Marine","article_publisher":"https:\/\/www.facebook.com\/marine.sunhelm.9","article_modified_time":"2022-06-17T09:26:29+00:00","twitter_card":"summary_large_image","schema":{"@context":"https:\/\/schema.org","@graph":[{"@type":"WebPage","@id":"https:\/\/www.sunhelmmarine.com\/ko\/foam-fender-for-sale\/","url":"https:\/\/www.sunhelmmarine.com\/ko\/foam-fender-for-sale\/","name":"Defensas relleno de espuma a la venta: fabricante de defensas Sunhelm Marine","isPartOf":{"@id":"https:\/\/www.sunhelmmarine.com\/#website"},"datePublished":"2021-11-22T08:40:48+00:00","dateModified":"2022-06-17T09:26:29+00:00","description":"El defensas de espuma EVA es respetuoso con el medio ambiente y tiene altas propiedades el\u00e1sticas que permiten la absorci\u00f3n de energ\u00eda al contacto. El exterior del guardabarros de espuma est\u00e1 recubierto con poliurea que tiene propiedades anti-filtraci\u00f3n y anti-envejecimiento, mejora la esperanza de vida de los guardabarros y su valor econ\u00f3mico. El guardabarros relleno de espuma es suave, flexible y muy resistente al agrietamiento incluso a bajas temperaturas.","breadcrumb":{"@id":"https:\/\/www.sunhelmmarine.com\/ko\/foam-fender-for-sale\/#breadcrumb"},"inLanguage":"es","potentialAction":[{"@type":"ReadAction","target":["https:\/\/www.sunhelmmarine.com\/ko\/foam-fender-for-sale\/"]}]},{"@type":"BreadcrumbList","@id":"https:\/\/www.sunhelmmarine.com\/ko\/foam-fender-for-sale\/#breadcrumb","itemListElement":[{"@type":"ListItem","position":1,"name":"home","item":"https:\/\/www.sunhelmmarine.com\/"},{"@type":"ListItem","position":2,"name":"Foam Fender for Sale"}]},{"@type":"WebSite","@id":"https:\/\/www.sunhelmmarine.com\/#website","url":"https:\/\/www.sunhelmmarine.com\/","name":"SunHelm Marine","description":"","publisher":{"@id":"https:\/\/www.sunhelmmarine.com\/#organization"},"potentialAction":[{"@type":"SearchAction","target":{"@type":"EntryPoint","urlTemplate":"https:\/\/www.sunhelmmarine.com\/?s={search_term_string}"},"query-input":{"@type":"PropertyValueSpecification","valueRequired":true,"valueName":"search_term_string"}}],"inLanguage":"es"},{"@type":"Organization","@id":"https:\/\/www.sunhelmmarine.com\/#organization","name":"Sunhelm marine","url":"https:\/\/www.sunhelmmarine.com\/","logo":{"@type":"ImageObject","inLanguage":"es","@id":"https:\/\/www.sunhelmmarine.com\/#\/schema\/logo\/image\/","url":"https:\/\/www.sunhelmmarine.com\/wp-content\/uploads\/2021\/07\/fb2272fefd1bb992911871cf2267889.png","contentUrl":"https:\/\/www.sunhelmmarine.com\/wp-content\/uploads\/2021\/07\/fb2272fefd1bb992911871cf2267889.png","width":600,"height":238,"caption":"Sunhelm marine"},"image":{"@id":"https:\/\/www.sunhelmmarine.com\/#\/schema\/logo\/image\/"},"sameAs":["https:\/\/www.facebook.com\/marine.sunhelm.9","https:\/\/www.linkedin.com\/company\/sunhelm-marine","https:\/\/www.youtube.com\/channel\/UC3cCmTo8sHsHOsgJJddE6Aw"]}]}},"_links":{"self":[{"href":"https:\/\/www.sunhelmmarine.com\/es\/wp-json\/wp\/v2\/pages\/1000","targetHints":{"allow":["GET"]}}],"collection":[{"href":"https:\/\/www.sunhelmmarine.com\/es\/wp-json\/wp\/v2\/pages"}],"about":[{"href":"https:\/\/www.sunhelmmarine.com\/es\/wp-json\/wp\/v2\/types\/page"}],"author":[{"embeddable":true,"href":"https:\/\/www.sunhelmmarine.com\/es\/wp-json\/wp\/v2\/users\/1"}],"replies":[{"embeddable":true,"href":"https:\/\/www.sunhelmmarine.com\/es\/wp-json\/wp\/v2\/comments?post=1000"}],"version-history":[{"count":2,"href":"https:\/\/www.sunhelmmarine.com\/es\/wp-json\/wp\/v2\/pages\/1000\/revisions"}],"predecessor-version":[{"id":1237,"href":"https:\/\/www.sunhelmmarine.com\/es\/wp-json\/wp\/v2\/pages\/1000\/revisions\/1237"}],"wp:attachment":[{"href":"https:\/\/www.sunhelmmarine.com\/es\/wp-json\/wp\/v2\/media?parent=1000"}],"curies":[{"name":"wp","href":"https:\/\/api.w.org\/{rel}","templated":true}]}}