{"id":112,"date":"2021-07-20T16:10:26","date_gmt":"2021-07-20T08:10:26","guid":{"rendered":"https:\/\/a1.xgtu.cn\/?page_id=112"},"modified":"2026-05-05T05:44:57","modified_gmt":"2026-05-05T05:44:57","slug":"marine-airbags","status":"publish","type":"page","link":"https:\/\/www.sunhelmmarine.com\/fr\/marine-airbags\/","title":{"rendered":"Airbags marins"},"content":{"rendered":"","protected":false},"excerpt":{"rendered":"","protected":false},"author":1,"featured_media":0,"parent":0,"menu_order":0,"comment_status":"closed","ping_status":"closed","template":"","meta":{"footnotes":""},"class_list":["post-112","page","type-page","status-publish","hentry"],"yoast_head":"<!-- This site is optimized with the Yoast SEO Premium plugin v25.7.1 (Yoast SEO v26.8) - https:\/\/yoast.com\/product\/yoast-seo-premium-wordpress\/ -->\n<title>Marine Airbags Manufacturer - SunHelm Marine<\/title>\n<meta name=\"description\" content=\"Marine airbag is often used for ship launching, heavy goods transport from land to sea, salvage, etc. It is made of rubber wound and divided into many types according to different technical requirements.\" \/>\n<meta name=\"robots\" content=\"index, follow, max-snippet:-1, max-image-preview:large, max-video-preview:-1\" \/>\n<link rel=\"canonical\" href=\"https:\/\/www.sunhelmmarine.com\/fr\/marine-airbags\/\" \/>\n<meta property=\"og:locale\" content=\"fr_FR\" \/>\n<meta property=\"og:type\" content=\"article\" \/>\n<meta property=\"og:title\" content=\"Marine Airbags\" \/>\n<meta property=\"og:description\" content=\"Marine airbag is often used for ship launching, heavy goods transport from land to sea, salvage, etc. It is made of rubber wound and divided into many types according to different technical requirements.\" \/>\n<meta property=\"og:url\" content=\"https:\/\/www.sunhelmmarine.com\/fr\/marine-airbags\/\" \/>\n<meta property=\"og:site_name\" content=\"SunHelm Marine\" \/>\n<meta property=\"article:publisher\" content=\"https:\/\/www.facebook.com\/marine.sunhelm.9\" \/>\n<meta property=\"article:modified_time\" content=\"2026-05-05T05:44:57+00:00\" \/>\n<meta name=\"twitter:card\" content=\"summary_large_image\" \/>\n<script type=\"application\/ld+json\" class=\"yoast-schema-graph\">{\"@context\":\"https:\/\/schema.org\",\"@graph\":[{\"@type\":\"WebPage\",\"@id\":\"https:\/\/www.sunhelmmarine.com\/marine-airbags\/\",\"url\":\"https:\/\/www.sunhelmmarine.com\/marine-airbags\/\",\"name\":\"Marine Airbags Manufacturer - SunHelm Marine\",\"isPartOf\":{\"@id\":\"https:\/\/www.sunhelmmarine.com\/#website\"},\"datePublished\":\"2021-07-20T08:10:26+00:00\",\"dateModified\":\"2026-05-05T05:44:57+00:00\",\"description\":\"Marine airbag is often used for ship launching, heavy goods transport from land to sea, salvage, etc. It is made of rubber wound and divided into many types according to different technical requirements.\",\"breadcrumb\":{\"@id\":\"https:\/\/www.sunhelmmarine.com\/marine-airbags\/#breadcrumb\"},\"inLanguage\":\"fr-FR\",\"potentialAction\":[{\"@type\":\"ReadAction\",\"target\":[\"https:\/\/www.sunhelmmarine.com\/marine-airbags\/\"]}]},{\"@type\":\"BreadcrumbList\",\"@id\":\"https:\/\/www.sunhelmmarine.com\/marine-airbags\/#breadcrumb\",\"itemListElement\":[{\"@type\":\"ListItem\",\"position\":1,\"name\":\"home\",\"item\":\"https:\/\/www.sunhelmmarine.com\/\"},{\"@type\":\"ListItem\",\"position\":2,\"name\":\"Marine Airbags\"}]},{\"@type\":\"WebSite\",\"@id\":\"https:\/\/www.sunhelmmarine.com\/#website\",\"url\":\"https:\/\/www.sunhelmmarine.com\/\",\"name\":\"SunHelm Marine\",\"description\":\"\",\"publisher\":{\"@id\":\"https:\/\/www.sunhelmmarine.com\/#organization\"},\"potentialAction\":[{\"@type\":\"SearchAction\",\"target\":{\"@type\":\"EntryPoint\",\"urlTemplate\":\"https:\/\/www.sunhelmmarine.com\/?s={search_term_string}\"},\"query-input\":{\"@type\":\"PropertyValueSpecification\",\"valueRequired\":true,\"valueName\":\"search_term_string\"}}],\"inLanguage\":\"fr-FR\"},{\"@type\":\"Organization\",\"@id\":\"https:\/\/www.sunhelmmarine.com\/#organization\",\"name\":\"Sunhelm marine\",\"url\":\"https:\/\/www.sunhelmmarine.com\/\",\"logo\":{\"@type\":\"ImageObject\",\"inLanguage\":\"fr-FR\",\"@id\":\"https:\/\/www.sunhelmmarine.com\/#\/schema\/logo\/image\/\",\"url\":\"https:\/\/www.sunhelmmarine.com\/wp-content\/uploads\/2021\/07\/fb2272fefd1bb992911871cf2267889.png\",\"contentUrl\":\"https:\/\/www.sunhelmmarine.com\/wp-content\/uploads\/2021\/07\/fb2272fefd1bb992911871cf2267889.png\",\"width\":600,\"height\":238,\"caption\":\"Sunhelm marine\"},\"image\":{\"@id\":\"https:\/\/www.sunhelmmarine.com\/#\/schema\/logo\/image\/\"},\"sameAs\":[\"https:\/\/www.facebook.com\/marine.sunhelm.9\",\"https:\/\/www.linkedin.com\/company\/sunhelm-marine\",\"https:\/\/www.youtube.com\/channel\/UC3cCmTo8sHsHOsgJJddE6Aw\"]}]}<\/script>\n<!-- \/ Yoast SEO Premium plugin. -->","yoast_head_json":{"title":"Fabricant d'airbags marins - SunHelm Marine","description":"L'airbag marin est souvent utilis\u00e9 pour le lancement de navires, le transport de marchandises lourdes de la terre \u00e0 la mer, le sauvetage, etc. Il est fabriqu\u00e9 \u00e0 partir d'un enroulement de caoutchouc et se divise en plusieurs types en fonction des diff\u00e9rentes exigences techniques.","robots":{"index":"index","follow":"follow","max-snippet":"max-snippet:-1","max-image-preview":"max-image-preview:large","max-video-preview":"max-video-preview:-1"},"canonical":"https:\/\/www.sunhelmmarine.com\/fr\/marine-airbags\/","og_locale":"fr_FR","og_type":"article","og_title":"Marine Airbags","og_description":"Marine airbag is often used for ship launching, heavy goods transport from land to sea, salvage, etc. It is made of rubber wound and divided into many types according to different technical requirements.","og_url":"https:\/\/www.sunhelmmarine.com\/fr\/marine-airbags\/","og_site_name":"SunHelm Marine","article_publisher":"https:\/\/www.facebook.com\/marine.sunhelm.9","article_modified_time":"2026-05-05T05:44:57+00:00","twitter_card":"summary_large_image","schema":{"@context":"https:\/\/schema.org","@graph":[{"@type":"WebPage","@id":"https:\/\/www.sunhelmmarine.com\/marine-airbags\/","url":"https:\/\/www.sunhelmmarine.com\/marine-airbags\/","name":"Fabricant d'airbags marins - SunHelm Marine","isPartOf":{"@id":"https:\/\/www.sunhelmmarine.com\/#website"},"datePublished":"2021-07-20T08:10:26+00:00","dateModified":"2026-05-05T05:44:57+00:00","description":"L'airbag marin est souvent utilis\u00e9 pour le lancement de navires, le transport de marchandises lourdes de la terre \u00e0 la mer, le sauvetage, etc. Il est fabriqu\u00e9 \u00e0 partir d'un enroulement de caoutchouc et se divise en plusieurs types en fonction des diff\u00e9rentes exigences techniques.","breadcrumb":{"@id":"https:\/\/www.sunhelmmarine.com\/marine-airbags\/#breadcrumb"},"inLanguage":"fr-FR","potentialAction":[{"@type":"ReadAction","target":["https:\/\/www.sunhelmmarine.com\/marine-airbags\/"]}]},{"@type":"BreadcrumbList","@id":"https:\/\/www.sunhelmmarine.com\/marine-airbags\/#breadcrumb","itemListElement":[{"@type":"ListItem","position":1,"name":"home","item":"https:\/\/www.sunhelmmarine.com\/"},{"@type":"ListItem","position":2,"name":"Marine Airbags"}]},{"@type":"WebSite","@id":"https:\/\/www.sunhelmmarine.com\/#website","url":"https:\/\/www.sunhelmmarine.com\/","name":"SunHelm Marine","description":"","publisher":{"@id":"https:\/\/www.sunhelmmarine.com\/#organization"},"potentialAction":[{"@type":"SearchAction","target":{"@type":"EntryPoint","urlTemplate":"https:\/\/www.sunhelmmarine.com\/?s={search_term_string}"},"query-input":{"@type":"PropertyValueSpecification","valueRequired":true,"valueName":"search_term_string"}}],"inLanguage":"fr-FR"},{"@type":"Organization","@id":"https:\/\/www.sunhelmmarine.com\/#organization","name":"Sunhelm marine","url":"https:\/\/www.sunhelmmarine.com\/","logo":{"@type":"ImageObject","inLanguage":"fr-FR","@id":"https:\/\/www.sunhelmmarine.com\/#\/schema\/logo\/image\/","url":"https:\/\/www.sunhelmmarine.com\/wp-content\/uploads\/2021\/07\/fb2272fefd1bb992911871cf2267889.png","contentUrl":"https:\/\/www.sunhelmmarine.com\/wp-content\/uploads\/2021\/07\/fb2272fefd1bb992911871cf2267889.png","width":600,"height":238,"caption":"Sunhelm marine"},"image":{"@id":"https:\/\/www.sunhelmmarine.com\/#\/schema\/logo\/image\/"},"sameAs":["https:\/\/www.facebook.com\/marine.sunhelm.9","https:\/\/www.linkedin.com\/company\/sunhelm-marine","https:\/\/www.youtube.com\/channel\/UC3cCmTo8sHsHOsgJJddE6Aw"]}]}},"_links":{"self":[{"href":"https:\/\/www.sunhelmmarine.com\/fr\/wp-json\/wp\/v2\/pages\/112","targetHints":{"allow":["GET"]}}],"collection":[{"href":"https:\/\/www.sunhelmmarine.com\/fr\/wp-json\/wp\/v2\/pages"}],"about":[{"href":"https:\/\/www.sunhelmmarine.com\/fr\/wp-json\/wp\/v2\/types\/page"}],"author":[{"embeddable":true,"href":"https:\/\/www.sunhelmmarine.com\/fr\/wp-json\/wp\/v2\/users\/1"}],"replies":[{"embeddable":true,"href":"https:\/\/www.sunhelmmarine.com\/fr\/wp-json\/wp\/v2\/comments?post=112"}],"version-history":[{"count":1,"href":"https:\/\/www.sunhelmmarine.com\/fr\/wp-json\/wp\/v2\/pages\/112\/revisions"}],"predecessor-version":[{"id":1206,"href":"https:\/\/www.sunhelmmarine.com\/fr\/wp-json\/wp\/v2\/pages\/112\/revisions\/1206"}],"wp:attachment":[{"href":"https:\/\/www.sunhelmmarine.com\/fr\/wp-json\/wp\/v2\/media?parent=112"}],"curies":[{"name":"wp","href":"https:\/\/api.w.org\/{rel}","templated":true}]}}