{"id":627,"date":"2021-09-08T17:26:56","date_gmt":"2021-09-08T09:26:56","guid":{"rendered":"https:\/\/www.sunhelmmarine.com\/?page_id=627"},"modified":"2026-01-16T08:05:35","modified_gmt":"2026-01-16T08:05:35","slug":"element-fender","status":"publish","type":"page","link":"https:\/\/www.sunhelmmarine.com\/fr\/marine-rubber-fenders\/element-fender\/","title":{"rendered":"Garde-boue en caoutchouc de type \u00e9l\u00e9ment SFC"},"content":{"rendered":"","protected":false},"excerpt":{"rendered":"","protected":false},"author":1,"featured_media":0,"parent":110,"menu_order":0,"comment_status":"closed","ping_status":"closed","template":"","meta":{"footnotes":""},"class_list":["post-627","page","type-page","status-publish","hentry"],"yoast_head":"<!-- This site is optimized with the Yoast SEO Premium plugin v25.7.1 (Yoast SEO v26.8) - https:\/\/yoast.com\/product\/yoast-seo-premium-wordpress\/ -->\n<title>SFC Element Type Rubber Fender Manufacturer - SunHelm Marine<\/title>\n<meta name=\"description\" content=\"SFC Element fenders are fully molded rubber legs with embedded mounting plates.\" \/>\n<meta name=\"robots\" content=\"index, follow, max-snippet:-1, max-image-preview:large, max-video-preview:-1\" \/>\n<link rel=\"canonical\" href=\"https:\/\/www.sunhelmmarine.com\/fr\/marine-rubber-fenders\/element-fender\/\" \/>\n<meta property=\"og:locale\" content=\"fr_FR\" \/>\n<meta property=\"og:type\" content=\"article\" \/>\n<meta property=\"og:title\" content=\"SFC Element Type Rubber Fender\" \/>\n<meta property=\"og:description\" content=\"SFC Element fenders are fully molded rubber legs with embedded mounting plates.\" \/>\n<meta property=\"og:url\" content=\"https:\/\/www.sunhelmmarine.com\/fr\/marine-rubber-fenders\/element-fender\/\" \/>\n<meta property=\"og:site_name\" content=\"SunHelm Marine\" \/>\n<meta property=\"article:publisher\" content=\"https:\/\/www.facebook.com\/marine.sunhelm.9\" \/>\n<meta property=\"article:modified_time\" content=\"2026-01-16T08:05:35+00:00\" \/>\n<meta name=\"twitter:card\" content=\"summary_large_image\" \/>\n<script type=\"application\/ld+json\" class=\"yoast-schema-graph\">{\"@context\":\"https:\/\/schema.org\",\"@graph\":[{\"@type\":\"WebPage\",\"@id\":\"https:\/\/www.sunhelmmarine.com\/marine-rubber-fenders\/element-fender\/\",\"url\":\"https:\/\/www.sunhelmmarine.com\/marine-rubber-fenders\/element-fender\/\",\"name\":\"SFC Element Type Rubber Fender Manufacturer - SunHelm Marine\",\"isPartOf\":{\"@id\":\"https:\/\/www.sunhelmmarine.com\/#website\"},\"datePublished\":\"2021-09-08T09:26:56+00:00\",\"dateModified\":\"2026-01-16T08:05:35+00:00\",\"description\":\"SFC Element fenders are fully molded rubber legs with embedded mounting plates.\",\"breadcrumb\":{\"@id\":\"https:\/\/www.sunhelmmarine.com\/marine-rubber-fenders\/element-fender\/#breadcrumb\"},\"inLanguage\":\"fr-FR\",\"potentialAction\":[{\"@type\":\"ReadAction\",\"target\":[\"https:\/\/www.sunhelmmarine.com\/marine-rubber-fenders\/element-fender\/\"]}]},{\"@type\":\"BreadcrumbList\",\"@id\":\"https:\/\/www.sunhelmmarine.com\/marine-rubber-fenders\/element-fender\/#breadcrumb\",\"itemListElement\":[{\"@type\":\"ListItem\",\"position\":1,\"name\":\"home\",\"item\":\"https:\/\/www.sunhelmmarine.com\/\"},{\"@type\":\"ListItem\",\"position\":2,\"name\":\"Marine Rubber Fenders\",\"item\":\"https:\/\/www.sunhelmmarine.com\/marine-rubber-fenders\/\"},{\"@type\":\"ListItem\",\"position\":3,\"name\":\"SFC Element Type Rubber Fender\"}]},{\"@type\":\"WebSite\",\"@id\":\"https:\/\/www.sunhelmmarine.com\/#website\",\"url\":\"https:\/\/www.sunhelmmarine.com\/\",\"name\":\"SunHelm Marine\",\"description\":\"\",\"publisher\":{\"@id\":\"https:\/\/www.sunhelmmarine.com\/#organization\"},\"potentialAction\":[{\"@type\":\"SearchAction\",\"target\":{\"@type\":\"EntryPoint\",\"urlTemplate\":\"https:\/\/www.sunhelmmarine.com\/?s={search_term_string}\"},\"query-input\":{\"@type\":\"PropertyValueSpecification\",\"valueRequired\":true,\"valueName\":\"search_term_string\"}}],\"inLanguage\":\"fr-FR\"},{\"@type\":\"Organization\",\"@id\":\"https:\/\/www.sunhelmmarine.com\/#organization\",\"name\":\"Sunhelm marine\",\"url\":\"https:\/\/www.sunhelmmarine.com\/\",\"logo\":{\"@type\":\"ImageObject\",\"inLanguage\":\"fr-FR\",\"@id\":\"https:\/\/www.sunhelmmarine.com\/#\/schema\/logo\/image\/\",\"url\":\"https:\/\/www.sunhelmmarine.com\/wp-content\/uploads\/2021\/07\/fb2272fefd1bb992911871cf2267889.png\",\"contentUrl\":\"https:\/\/www.sunhelmmarine.com\/wp-content\/uploads\/2021\/07\/fb2272fefd1bb992911871cf2267889.png\",\"width\":600,\"height\":238,\"caption\":\"Sunhelm marine\"},\"image\":{\"@id\":\"https:\/\/www.sunhelmmarine.com\/#\/schema\/logo\/image\/\"},\"sameAs\":[\"https:\/\/www.facebook.com\/marine.sunhelm.9\",\"https:\/\/www.linkedin.com\/company\/sunhelm-marine\",\"https:\/\/www.youtube.com\/channel\/UC3cCmTo8sHsHOsgJJddE6Aw\"]}]}<\/script>\n<!-- \/ Yoast SEO Premium plugin. -->","yoast_head_json":{"title":"Fabricant de d\u00e9fenses en caoutchouc de type \u00e9l\u00e9mentaire SFC - SunHelm Marine","description":"Les ailes SFC Element sont des pieds en caoutchouc enti\u00e8rement moul\u00e9s avec des plaques de montage int\u00e9gr\u00e9es.","robots":{"index":"index","follow":"follow","max-snippet":"max-snippet:-1","max-image-preview":"max-image-preview:large","max-video-preview":"max-video-preview:-1"},"canonical":"https:\/\/www.sunhelmmarine.com\/fr\/marine-rubber-fenders\/element-fender\/","og_locale":"fr_FR","og_type":"article","og_title":"SFC Element Type Rubber Fender","og_description":"SFC Element fenders are fully molded rubber legs with embedded mounting plates.","og_url":"https:\/\/www.sunhelmmarine.com\/fr\/marine-rubber-fenders\/element-fender\/","og_site_name":"SunHelm Marine","article_publisher":"https:\/\/www.facebook.com\/marine.sunhelm.9","article_modified_time":"2026-01-16T08:05:35+00:00","twitter_card":"summary_large_image","schema":{"@context":"https:\/\/schema.org","@graph":[{"@type":"WebPage","@id":"https:\/\/www.sunhelmmarine.com\/marine-rubber-fenders\/element-fender\/","url":"https:\/\/www.sunhelmmarine.com\/marine-rubber-fenders\/element-fender\/","name":"Fabricant de d\u00e9fenses en caoutchouc de type \u00e9l\u00e9mentaire SFC - SunHelm Marine","isPartOf":{"@id":"https:\/\/www.sunhelmmarine.com\/#website"},"datePublished":"2021-09-08T09:26:56+00:00","dateModified":"2026-01-16T08:05:35+00:00","description":"Les ailes SFC Element sont des pieds en caoutchouc enti\u00e8rement moul\u00e9s avec des plaques de montage int\u00e9gr\u00e9es.","breadcrumb":{"@id":"https:\/\/www.sunhelmmarine.com\/marine-rubber-fenders\/element-fender\/#breadcrumb"},"inLanguage":"fr-FR","potentialAction":[{"@type":"ReadAction","target":["https:\/\/www.sunhelmmarine.com\/marine-rubber-fenders\/element-fender\/"]}]},{"@type":"BreadcrumbList","@id":"https:\/\/www.sunhelmmarine.com\/marine-rubber-fenders\/element-fender\/#breadcrumb","itemListElement":[{"@type":"ListItem","position":1,"name":"home","item":"https:\/\/www.sunhelmmarine.com\/"},{"@type":"ListItem","position":2,"name":"Marine Rubber Fenders","item":"https:\/\/www.sunhelmmarine.com\/marine-rubber-fenders\/"},{"@type":"ListItem","position":3,"name":"SFC Element Type Rubber Fender"}]},{"@type":"WebSite","@id":"https:\/\/www.sunhelmmarine.com\/#website","url":"https:\/\/www.sunhelmmarine.com\/","name":"SunHelm Marine","description":"","publisher":{"@id":"https:\/\/www.sunhelmmarine.com\/#organization"},"potentialAction":[{"@type":"SearchAction","target":{"@type":"EntryPoint","urlTemplate":"https:\/\/www.sunhelmmarine.com\/?s={search_term_string}"},"query-input":{"@type":"PropertyValueSpecification","valueRequired":true,"valueName":"search_term_string"}}],"inLanguage":"fr-FR"},{"@type":"Organization","@id":"https:\/\/www.sunhelmmarine.com\/#organization","name":"Sunhelm marine","url":"https:\/\/www.sunhelmmarine.com\/","logo":{"@type":"ImageObject","inLanguage":"fr-FR","@id":"https:\/\/www.sunhelmmarine.com\/#\/schema\/logo\/image\/","url":"https:\/\/www.sunhelmmarine.com\/wp-content\/uploads\/2021\/07\/fb2272fefd1bb992911871cf2267889.png","contentUrl":"https:\/\/www.sunhelmmarine.com\/wp-content\/uploads\/2021\/07\/fb2272fefd1bb992911871cf2267889.png","width":600,"height":238,"caption":"Sunhelm marine"},"image":{"@id":"https:\/\/www.sunhelmmarine.com\/#\/schema\/logo\/image\/"},"sameAs":["https:\/\/www.facebook.com\/marine.sunhelm.9","https:\/\/www.linkedin.com\/company\/sunhelm-marine","https:\/\/www.youtube.com\/channel\/UC3cCmTo8sHsHOsgJJddE6Aw"]}]}},"_links":{"self":[{"href":"https:\/\/www.sunhelmmarine.com\/fr\/wp-json\/wp\/v2\/pages\/627","targetHints":{"allow":["GET"]}}],"collection":[{"href":"https:\/\/www.sunhelmmarine.com\/fr\/wp-json\/wp\/v2\/pages"}],"about":[{"href":"https:\/\/www.sunhelmmarine.com\/fr\/wp-json\/wp\/v2\/types\/page"}],"author":[{"embeddable":true,"href":"https:\/\/www.sunhelmmarine.com\/fr\/wp-json\/wp\/v2\/users\/1"}],"replies":[{"embeddable":true,"href":"https:\/\/www.sunhelmmarine.com\/fr\/wp-json\/wp\/v2\/comments?post=627"}],"version-history":[{"count":2,"href":"https:\/\/www.sunhelmmarine.com\/fr\/wp-json\/wp\/v2\/pages\/627\/revisions"}],"predecessor-version":[{"id":2327,"href":"https:\/\/www.sunhelmmarine.com\/fr\/wp-json\/wp\/v2\/pages\/627\/revisions\/2327"}],"up":[{"embeddable":true,"href":"https:\/\/www.sunhelmmarine.com\/fr\/wp-json\/wp\/v2\/pages\/110"}],"wp:attachment":[{"href":"https:\/\/www.sunhelmmarine.com\/fr\/wp-json\/wp\/v2\/media?parent=627"}],"curies":[{"name":"wp","href":"https:\/\/api.w.org\/{rel}","templated":true}]}}