{"id":9,"date":"2017-12-11T12:43:34","date_gmt":"2017-12-11T04:43:34","guid":{"rendered":"http:\/\/themes.muffingroup.com\/be\/company\/?page_id=9"},"modified":"2024-10-14T15:40:39","modified_gmt":"2024-10-14T07:40:39","slug":"all-marine-product","status":"publish","type":"page","link":"https:\/\/www.sunhelmmarine.com\/pt\/all-marine-product\/","title":{"rendered":"Todos os produtos mar\u00edtimos"},"content":{"rendered":"","protected":false},"excerpt":{"rendered":"","protected":false},"author":1,"featured_media":0,"parent":0,"menu_order":0,"comment_status":"closed","ping_status":"closed","template":"","meta":{"footnotes":""},"class_list":["post-9","page","type-page","status-publish","hentry"],"yoast_head":"<!-- This site is optimized with the Yoast SEO Premium plugin v25.7.1 (Yoast SEO v26.8) - https:\/\/yoast.com\/product\/yoast-seo-premium-wordpress\/ -->\n<title>All Marine Products - Fenders&amp;Airbags- Sunhelm Marine<\/title>\n<meta name=\"description\" content=\"Sunhelm involves a very wide range of ship marine supplies. Marine fenders, marine airbags, rubber fenders, bollards, PE rubber fender panels, inflatable equipment, inflatable accessories, mooring rope, anchor chains, buoys, etc.\" \/>\n<meta name=\"robots\" content=\"index, follow, max-snippet:-1, max-image-preview:large, max-video-preview:-1\" \/>\n<link rel=\"canonical\" href=\"https:\/\/www.sunhelmmarine.com\/pt\/all-marine-product\/\" \/>\n<meta property=\"og:locale\" content=\"pt_BR\" \/>\n<meta property=\"og:type\" content=\"article\" \/>\n<meta property=\"og:title\" content=\"All Marine Product\" \/>\n<meta property=\"og:description\" content=\"Sunhelm involves a very wide range of ship marine supplies. Marine fenders, marine airbags, rubber fenders, bollards, PE rubber fender panels, inflatable equipment, inflatable accessories, mooring rope, anchor chains, buoys, etc.\" \/>\n<meta property=\"og:url\" content=\"https:\/\/www.sunhelmmarine.com\/pt\/all-marine-product\/\" \/>\n<meta property=\"og:site_name\" content=\"SunHelm Marine\" \/>\n<meta property=\"article:publisher\" content=\"https:\/\/www.facebook.com\/marine.sunhelm.9\" \/>\n<meta property=\"article:modified_time\" content=\"2024-10-14T07:40:39+00:00\" \/>\n<meta name=\"twitter:card\" content=\"summary_large_image\" \/>\n<script type=\"application\/ld+json\" class=\"yoast-schema-graph\">{\"@context\":\"https:\/\/schema.org\",\"@graph\":[{\"@type\":\"WebPage\",\"@id\":\"https:\/\/www.sunhelmmarine.com\/all-marine-product\/\",\"url\":\"https:\/\/www.sunhelmmarine.com\/all-marine-product\/\",\"name\":\"All Marine Products - Fenders&Airbags- Sunhelm Marine\",\"isPartOf\":{\"@id\":\"https:\/\/www.sunhelmmarine.com\/#website\"},\"datePublished\":\"2017-12-11T04:43:34+00:00\",\"dateModified\":\"2024-10-14T07:40:39+00:00\",\"description\":\"Sunhelm involves a very wide range of ship marine supplies. Marine fenders, marine airbags, rubber fenders, bollards, PE rubber fender panels, inflatable equipment, inflatable accessories, mooring rope, anchor chains, buoys, etc.\",\"breadcrumb\":{\"@id\":\"https:\/\/www.sunhelmmarine.com\/all-marine-product\/#breadcrumb\"},\"inLanguage\":\"pt-BR\",\"potentialAction\":[{\"@type\":\"ReadAction\",\"target\":[\"https:\/\/www.sunhelmmarine.com\/all-marine-product\/\"]}]},{\"@type\":\"BreadcrumbList\",\"@id\":\"https:\/\/www.sunhelmmarine.com\/all-marine-product\/#breadcrumb\",\"itemListElement\":[{\"@type\":\"ListItem\",\"position\":1,\"name\":\"home\",\"item\":\"https:\/\/www.sunhelmmarine.com\/\"},{\"@type\":\"ListItem\",\"position\":2,\"name\":\"All Marine Product\"}]},{\"@type\":\"WebSite\",\"@id\":\"https:\/\/www.sunhelmmarine.com\/#website\",\"url\":\"https:\/\/www.sunhelmmarine.com\/\",\"name\":\"SunHelm Marine\",\"description\":\"\",\"publisher\":{\"@id\":\"https:\/\/www.sunhelmmarine.com\/#organization\"},\"potentialAction\":[{\"@type\":\"SearchAction\",\"target\":{\"@type\":\"EntryPoint\",\"urlTemplate\":\"https:\/\/www.sunhelmmarine.com\/?s={search_term_string}\"},\"query-input\":{\"@type\":\"PropertyValueSpecification\",\"valueRequired\":true,\"valueName\":\"search_term_string\"}}],\"inLanguage\":\"pt-BR\"},{\"@type\":\"Organization\",\"@id\":\"https:\/\/www.sunhelmmarine.com\/#organization\",\"name\":\"Sunhelm marine\",\"url\":\"https:\/\/www.sunhelmmarine.com\/\",\"logo\":{\"@type\":\"ImageObject\",\"inLanguage\":\"pt-BR\",\"@id\":\"https:\/\/www.sunhelmmarine.com\/#\/schema\/logo\/image\/\",\"url\":\"https:\/\/www.sunhelmmarine.com\/wp-content\/uploads\/2021\/07\/fb2272fefd1bb992911871cf2267889.png\",\"contentUrl\":\"https:\/\/www.sunhelmmarine.com\/wp-content\/uploads\/2021\/07\/fb2272fefd1bb992911871cf2267889.png\",\"width\":600,\"height\":238,\"caption\":\"Sunhelm marine\"},\"image\":{\"@id\":\"https:\/\/www.sunhelmmarine.com\/#\/schema\/logo\/image\/\"},\"sameAs\":[\"https:\/\/www.facebook.com\/marine.sunhelm.9\",\"https:\/\/www.linkedin.com\/company\/sunhelm-marine\",\"https:\/\/www.youtube.com\/channel\/UC3cCmTo8sHsHOsgJJddE6Aw\"]}]}<\/script>\n<!-- \/ Yoast SEO Premium plugin. -->","yoast_head_json":{"title":"Todos os produtos marinhos - para-lamas e airbags - Sunhelm Marine","description":"A Sunhelm envolve uma ampla variedade de suprimentos mar\u00edtimos para navios. Defensas mar\u00edtimas, airbags mar\u00edtimos, defensas de borracha, cabe\u00e7os, pain\u00e9is de prote\u00e7\u00e3o de borracha PE, equipamento infl\u00e1vel, acess\u00f3rios infl\u00e1veis, corda de amarra\u00e7\u00e3o, correntes de \u00e2ncora, b\u00f3ias, etc.","robots":{"index":"index","follow":"follow","max-snippet":"max-snippet:-1","max-image-preview":"max-image-preview:large","max-video-preview":"max-video-preview:-1"},"canonical":"https:\/\/www.sunhelmmarine.com\/pt\/all-marine-product\/","og_locale":"pt_BR","og_type":"article","og_title":"All Marine Product","og_description":"Sunhelm involves a very wide range of ship marine supplies. Marine fenders, marine airbags, rubber fenders, bollards, PE rubber fender panels, inflatable equipment, inflatable accessories, mooring rope, anchor chains, buoys, etc.","og_url":"https:\/\/www.sunhelmmarine.com\/pt\/all-marine-product\/","og_site_name":"SunHelm Marine","article_publisher":"https:\/\/www.facebook.com\/marine.sunhelm.9","article_modified_time":"2024-10-14T07:40:39+00:00","twitter_card":"summary_large_image","schema":{"@context":"https:\/\/schema.org","@graph":[{"@type":"WebPage","@id":"https:\/\/www.sunhelmmarine.com\/all-marine-product\/","url":"https:\/\/www.sunhelmmarine.com\/all-marine-product\/","name":"Todos os produtos marinhos - para-lamas e airbags - Sunhelm Marine","isPartOf":{"@id":"https:\/\/www.sunhelmmarine.com\/#website"},"datePublished":"2017-12-11T04:43:34+00:00","dateModified":"2024-10-14T07:40:39+00:00","description":"A Sunhelm envolve uma ampla variedade de suprimentos mar\u00edtimos para navios. Defensas mar\u00edtimas, airbags mar\u00edtimos, defensas de borracha, cabe\u00e7os, pain\u00e9is de prote\u00e7\u00e3o de borracha PE, equipamento infl\u00e1vel, acess\u00f3rios infl\u00e1veis, corda de amarra\u00e7\u00e3o, correntes de \u00e2ncora, b\u00f3ias, etc.","breadcrumb":{"@id":"https:\/\/www.sunhelmmarine.com\/all-marine-product\/#breadcrumb"},"inLanguage":"pt-BR","potentialAction":[{"@type":"ReadAction","target":["https:\/\/www.sunhelmmarine.com\/all-marine-product\/"]}]},{"@type":"BreadcrumbList","@id":"https:\/\/www.sunhelmmarine.com\/all-marine-product\/#breadcrumb","itemListElement":[{"@type":"ListItem","position":1,"name":"home","item":"https:\/\/www.sunhelmmarine.com\/"},{"@type":"ListItem","position":2,"name":"All Marine Product"}]},{"@type":"WebSite","@id":"https:\/\/www.sunhelmmarine.com\/#website","url":"https:\/\/www.sunhelmmarine.com\/","name":"SunHelm Marine","description":"","publisher":{"@id":"https:\/\/www.sunhelmmarine.com\/#organization"},"potentialAction":[{"@type":"SearchAction","target":{"@type":"EntryPoint","urlTemplate":"https:\/\/www.sunhelmmarine.com\/?s={search_term_string}"},"query-input":{"@type":"PropertyValueSpecification","valueRequired":true,"valueName":"search_term_string"}}],"inLanguage":"pt-BR"},{"@type":"Organization","@id":"https:\/\/www.sunhelmmarine.com\/#organization","name":"Sunhelm marine","url":"https:\/\/www.sunhelmmarine.com\/","logo":{"@type":"ImageObject","inLanguage":"pt-BR","@id":"https:\/\/www.sunhelmmarine.com\/#\/schema\/logo\/image\/","url":"https:\/\/www.sunhelmmarine.com\/wp-content\/uploads\/2021\/07\/fb2272fefd1bb992911871cf2267889.png","contentUrl":"https:\/\/www.sunhelmmarine.com\/wp-content\/uploads\/2021\/07\/fb2272fefd1bb992911871cf2267889.png","width":600,"height":238,"caption":"Sunhelm marine"},"image":{"@id":"https:\/\/www.sunhelmmarine.com\/#\/schema\/logo\/image\/"},"sameAs":["https:\/\/www.facebook.com\/marine.sunhelm.9","https:\/\/www.linkedin.com\/company\/sunhelm-marine","https:\/\/www.youtube.com\/channel\/UC3cCmTo8sHsHOsgJJddE6Aw"]}]}},"_links":{"self":[{"href":"https:\/\/www.sunhelmmarine.com\/pt\/wp-json\/wp\/v2\/pages\/9","targetHints":{"allow":["GET"]}}],"collection":[{"href":"https:\/\/www.sunhelmmarine.com\/pt\/wp-json\/wp\/v2\/pages"}],"about":[{"href":"https:\/\/www.sunhelmmarine.com\/pt\/wp-json\/wp\/v2\/types\/page"}],"author":[{"embeddable":true,"href":"https:\/\/www.sunhelmmarine.com\/pt\/wp-json\/wp\/v2\/users\/1"}],"replies":[{"embeddable":true,"href":"https:\/\/www.sunhelmmarine.com\/pt\/wp-json\/wp\/v2\/comments?post=9"}],"version-history":[{"count":1,"href":"https:\/\/www.sunhelmmarine.com\/pt\/wp-json\/wp\/v2\/pages\/9\/revisions"}],"predecessor-version":[{"id":1131,"href":"https:\/\/www.sunhelmmarine.com\/pt\/wp-json\/wp\/v2\/pages\/9\/revisions\/1131"}],"wp:attachment":[{"href":"https:\/\/www.sunhelmmarine.com\/pt\/wp-json\/wp\/v2\/media?parent=9"}],"curies":[{"name":"wp","href":"https:\/\/api.w.org\/{rel}","templated":true}]}}